{"id":1079,"date":"2026-04-15T13:21:34","date_gmt":"2026-04-15T11:21:34","guid":{"rendered":"https:\/\/licki-biser.com\/?page_id=1079"},"modified":"2026-04-15T13:58:12","modified_gmt":"2026-04-15T11:58:12","slug":"vir-island","status":"publish","type":"page","link":"https:\/\/licki-biser.com\/hr\/vir-island\/","title":{"rendered":"Otok Vir"},"content":{"rendered":"<div data-elementor-type=\"wp-post\" data-elementor-id=\"1079\" class=\"elementor elementor-1079\">\n\t\t\t\t\t\t<section class=\"elementor-section elementor-top-section elementor-element elementor-element-3abe1d47 elementor-section-full_width elementor-section-height-min-height elementor-section-height-default elementor-section-items-middle\" data-id=\"3abe1d47\" data-element_type=\"section\" data-settings=\"{&quot;background_background&quot;:&quot;classic&quot;}\">\n\t\t\t\t\t\t\t<div class=\"elementor-background-overlay\"><\/div>\n\t\t\t\t\t\t\t<div class=\"elementor-container elementor-column-gap-default\">\n\t\t\t\t\t<div class=\"elementor-column elementor-col-100 elementor-top-column elementor-element elementor-element-1cd780e3\" data-id=\"1cd780e3\" data-element_type=\"column\">\n\t\t\t<div class=\"elementor-widget-wrap elementor-element-populated\">\n\t\t\t\t\t\t<div class=\"elementor-element elementor-element-367392ab elementor-widget elementor-widget-spacer\" data-id=\"367392ab\" data-element_type=\"widget\" data-widget_type=\"spacer.default\">\n\t\t\t\t<div class=\"elementor-widget-container\">\n\t\t\t\t\t<div class=\"elementor-spacer\">\n\t\t\t<div class=\"elementor-spacer-inner\"><\/div>\n\t\t<\/div>\n\t\t\t\t<\/div>\n\t\t\t\t<\/div>\n\t\t\t\t<div class=\"elementor-element elementor-element-2745faf1 elementor-view-default elementor-position-top elementor-invisible elementor-widget elementor-widget-themo-header\" data-id=\"2745faf1\" data-element_type=\"widget\" data-settings=\"{&quot;_animation&quot;:&quot;fadeIn&quot;}\" data-widget_type=\"themo-header.default\">\n\t\t\t\t<div class=\"elementor-widget-container\">\n\t\t\t\t\t<div class=\"th-header-wrap\">\n        <div class=\"elementor-icon-box-wrapper\">\n                            <div class=\"elementor-icon-box-content\">\n                    <h1 class=\"elementor-icon-box-title\">\n                        Otok Vir                    <\/h1>\n                                        <p class=\"elementor-icon-box-description\">...malo informacija o otoku Viru, gdje i\u0107i, \u0161to istra\u017eiti....<\/p>\n\n                                    <\/div>\n            <\/div>\n\n        <\/div>\n\n\t\t\t\t<\/div>\n\t\t\t\t<\/div>\n\t\t\t\t\t<\/div>\n\t\t<\/div>\n\t\t\t\t\t<\/div>\n\t\t<\/section>\n\t\t\t\t<section class=\"elementor-section elementor-top-section elementor-element elementor-element-5c3a957 elementor-section-boxed elementor-section-height-default elementor-section-height-default\" data-id=\"5c3a957\" data-element_type=\"section\">\n\t\t\t\t\t\t<div class=\"elementor-container elementor-column-gap-default\">\n\t\t\t\t\t<div class=\"elementor-column elementor-col-100 elementor-top-column elementor-element elementor-element-b6ad45c\" data-id=\"b6ad45c\" data-element_type=\"column\">\n\t\t\t<div class=\"elementor-widget-wrap elementor-element-populated\">\n\t\t\t\t\t\t<div class=\"elementor-element elementor-element-a060f71 elementor-widget elementor-widget-spacer\" data-id=\"a060f71\" data-element_type=\"widget\" data-widget_type=\"spacer.default\">\n\t\t\t\t<div class=\"elementor-widget-container\">\n\t\t\t\t\t<div class=\"elementor-spacer\">\n\t\t\t<div class=\"elementor-spacer-inner\"><\/div>\n\t\t<\/div>\n\t\t\t\t<\/div>\n\t\t\t\t<\/div>\n\t\t\t\t<div class=\"elementor-element elementor-element-0fb3618 elementor-widget elementor-widget-heading\" data-id=\"0fb3618\" data-element_type=\"widget\" data-widget_type=\"heading.default\">\n\t\t\t\t<div class=\"elementor-widget-container\">\n\t\t\t<h2 class=\"elementor-heading-title elementor-size-default\">Dobrodo\u0161li na otok Vir \u2013 Va\u0161 idealan odmor u Dalmaciji!<\/h2>\t\t<\/div>\n\t\t\t\t<\/div>\n\t\t\t\t<div class=\"elementor-element elementor-element-8b235ca elementor-widget elementor-widget-text-editor\" data-id=\"8b235ca\" data-element_type=\"widget\" data-widget_type=\"text-editor.default\">\n\t\t\t\t<div class=\"elementor-widget-container\">\n\t\t\t\t\t\t\t<p>Otok Vir smje\u0161ten je u sjeverozapadnom dijelu zadarskog arhipelaga i jedno je od najpopularnijih ljetnih odredi\u0161ta u Hrvatskoj. S kopnom je povezan mostom, \u0161to omogu\u0107uje lagan pristup automobilom bez trajekta. Vir nudi savr\u0161en spoj kristalno \u010distog mora, prirodnih ljepota, bogate povijesti i odli\u010dne turisti\u010dke infrastrukture.<\/p><p><strong>\u0160to posjetiti na otoku Viru?<\/strong><\/p><p>1. Crkva sv. Ivana Krstitelja\nSmje\u0161tena u centru mjesta, ova crkva iz 13. stolje\u0107a jedan je od najstarijih kulturno-povijesnih spomenika na otoku.<br \/>2. Ka\u0161telina \u2013 venecijanska utvrda\nOva kamena utvrda iz 17. stolje\u0107a sagra\u0111ena je kao obrana od osmanskih napada. Smje\u0161tena je uz more i nudi sjajnu kulisu za fotografiranje, posebice pri zalasku sunca.<br \/>3. Pla\u017ee - Vir ima preko 30 ure\u0111enih pla\u017ea, od pje\u0161\u010danih do \u0161ljun\u010danih i stjenovitih. Najpoznatije su Jadro, Sapavac (poznata po ljekovitom blatu), Radovanjica i pla\u017ea Crvena luka. More je \u010disto, plitko i idealno za obitelji s djecom.<\/p><p><strong>Istra\u017eite okolicu \u2013 zanimljivosti blizu Vira<\/strong><\/p><p>Zadar (25 km) - Grad bogate povijesti s rimskim forumom, crkvom sv. Donata i suvremenim atrakcijama poput Morskih orgulja i Pozdrava Suncu.<br \/>Nacionalni park Paklenica (60 km) - Raj za ljubitelje prirode i planinarenja, s predivnim kanjonima, stijenama i stazama za sve uzraste.<br \/>Nin (15 km) - Povijesni kraljevski grad s najmanjom katedralom na svijetu, rimskim ostacima i poznatim ninskim ljekovitim blatom.<br \/>Vransko jezero (40 km) - Najve\u0107e prirodno jezero u Hrvatskoj, idealno za ribolov, promatranje ptica i biciklizam.<\/p><p><strong>Za\u0161to odabrati Vir?<\/strong><\/p><p>\u2714\ufe0f Izvrsna prometna povezanost (bez trajekta)<br \/>\u2714\ufe0f Pristupa\u010dne cijene<br \/>\u2714\ufe0f Brojne pla\u017ee za obitelji, parove i avanturiste<br \/>\u2714\ufe0f Blizina povijesnih i prirodnih atrakcija<br \/>\u2714\ufe0f \u010cisto more, sunce i opu\u0161tanje<\/p><p><strong>\ud83c\udf7d Preporu\u010deni restorani na otoku Viru<\/strong><\/p><p>1. Restoran \u201eKotarina\u201c - Smje\u0161ten uz more, poznat po ribi s gradela, dalmatinskim specijalitetima i doma\u0107em vinu.<\/p><p>2. Restoran \u201eViranka\u201c - Obiteljski restoran s bogatom ponudom pizze, tjestenine i lokalnih jela po povoljnim cijenama.<\/p><p>3. Konoba \u201eKod Spavalice\u201c - Autenti\u010dna dalmatinska konoba s drvenim stolovima, maslinovim uljem iz doma\u0107e proizvodnje i odli\u010dnim ro\u0161tiljem.<\/p><p>4. Fast food \u201eGrill Luka\u201c - Za brzi zalogaj nakon pla\u017ee \u2013 odli\u010dni burgeri, \u0107evapi i pomfrit uz opu\u0161tenu atmosferu.<\/p><p><strong>\ud83d\udee5 Izleti i aktivnosti u okolici<\/strong><\/p><p>1. Izlet brodom oko otoka Vira - Organizirani izleti uklju\u010duju razgledavanje uvala, kupanje u skrivenim lagunama i riblji ru\u010dak na brodu.<\/p><p>2. Nacionalni park Kornati - Jednodnevni izlet brodom u ovaj predivni arhipelag \u2013 kristalno \u010disto more i netaknuta priroda.<\/p><p>3. Safari buggy vo\u017enja po otoku - Iznajmi buggy i istra\u017ei unutra\u0161njost otoka na avanturisti\u010dki na\u010din.<\/p><p>4. Posjet Zadru s vodi\u010dem - Organizirani poludnevni izleti koji uklju\u010duju \u0161etnju gradom, povijesne lokalitete i slobodno vrijeme.<\/p><p>5. Biciklisti\u010dke i pje\u0161a\u010dke staze po Viru - Brojne staze uz more i kroz borovu \u0161umu, idealne za rekreativce i obitelji.<\/p><p><strong>\ud83c\udfd6 Skrivene pla\u017ee i mirni kutci<\/strong><\/p><p>1. Pla\u017ea Smratina - Izolirana, prirodna pla\u017ea idealna za mir i ti\u0161inu. Preporu\u010da se dolazak biciklom ili pje\u0161ice.<\/p><p>2. Uvala Duboka draga - Stjenovita pla\u017ea s tirkiznim morem i fascinantnim klifovima \u2013 sjajno mjesto za ronjenje i fotografiranje.<\/p><p>3. Pla\u017ea Lu\u010dica - Manja, \u0161ljun\u010dana pla\u017ea s hladovinom i bez velikih gu\u017evi. Pogodna za obitelji s djecom.<\/p><p>4. Uvala Soldatica - Manje poznata pla\u017ea ju\u017eno od centra, s bistrom vodom i borovom \u0161umom u blizini.<\/p>\t\t\t\t\t\t<\/div>\n\t\t\t\t<\/div>\n\t\t\t\t<div class=\"elementor-element elementor-element-5a7836f elementor-button-danger elementor-align-center elementor-widget elementor-widget-button\" data-id=\"5a7836f\" data-element_type=\"widget\" data-widget_type=\"button.default\">\n\t\t\t\t<div class=\"elementor-widget-container\">\n\t\t\t\t\t<div class=\"elementor-button-wrapper\">\n\t\t\t<a class=\"elementor-button elementor-button-link elementor-size-sm\" href=\"https:\/\/licki-biser.com\/apartments-licki-biser\/\">\n\t\t\t\t\t\t<span class=\"elementor-button-content-wrapper\">\n\t\t\t\t\t\t\t\t\t<span class=\"elementor-button-text\">\u017delim rezervirati jedan od va\u0161ih apartmana...<\/span>\n\t\t\t\t\t<\/span>\n\t\t\t\t\t<\/a>\n\t\t<\/div>\n\t\t\t\t<\/div>\n\t\t\t\t<\/div>\n\t\t\t\t\t<\/div>\n\t\t<\/div>\n\t\t\t\t\t<\/div>\n\t\t<\/section>\n\t\t\t\t<\/div>","protected":false},"excerpt":{"rendered":"<p>Vir Island &#8230;a bit more info about the island, where to go, what to explore&#8230; Welcome to Vir Island \u2013 Your perfect vacation in Dalmatia! Vir Island, located in the northwestern part of the Zadar archipelago, is one of Croatia\u2019s &hellip; <a href=\"https:\/\/licki-biser.com\/hr\/vir-island\/\">Read More<\/a><\/p>","protected":false},"author":1,"featured_media":0,"parent":0,"menu_order":7,"comment_status":"closed","ping_status":"closed","template":"","meta":{"footnotes":""},"class_list":["post-1079","page","type-page","status-publish","hentry"],"_links":{"self":[{"href":"https:\/\/licki-biser.com\/hr\/wp-json\/wp\/v2\/pages\/1079","targetHints":{"allow":["GET"]}}],"collection":[{"href":"https:\/\/licki-biser.com\/hr\/wp-json\/wp\/v2\/pages"}],"about":[{"href":"https:\/\/licki-biser.com\/hr\/wp-json\/wp\/v2\/types\/page"}],"author":[{"embeddable":true,"href":"https:\/\/licki-biser.com\/hr\/wp-json\/wp\/v2\/users\/1"}],"replies":[{"embeddable":true,"href":"https:\/\/licki-biser.com\/hr\/wp-json\/wp\/v2\/comments?post=1079"}],"version-history":[{"count":10,"href":"https:\/\/licki-biser.com\/hr\/wp-json\/wp\/v2\/pages\/1079\/revisions"}],"predecessor-version":[{"id":1093,"href":"https:\/\/licki-biser.com\/hr\/wp-json\/wp\/v2\/pages\/1079\/revisions\/1093"}],"wp:attachment":[{"href":"https:\/\/licki-biser.com\/hr\/wp-json\/wp\/v2\/media?parent=1079"}],"curies":[{"name":"wp","href":"https:\/\/api.w.org\/{rel}","templated":true}]}}